{"id":91,"date":"2012-02-08T15:27:59","date_gmt":"2012-02-08T15:27:59","guid":{"rendered":"http:\/\/www.acorpsparfait.lu\/?page_id=91"},"modified":"2012-03-23T11:27:22","modified_gmt":"2012-03-23T11:27:22","slug":"maquillage","status":"publish","type":"page","link":"https:\/\/www.acorpsparfait.lu\/?page_id=91","title":{"rendered":"Maquillage"},"content":{"rendered":"<p>Un rendez-vous important, une soir\u00e9e, une sortie\u2026<br \/>\nOffrez-vous un maquillage qui vous correspondra et qui sera en harmonie avec vos go\u00fbts, votre tenue et votre caract\u00e8re.<\/p>\n<div class=\"one_half\">\n<div align=\"center\"><img class=\"aligncenter\" src=\"wp-content\/uploads\/img\/makeup1.jpg\" alt=\"\" \/><\/div>\n<\/div>\n<div class=\"one_half last\">\n<div align=\"center\"><img class=\"aligncenter\" src=\"wp-content\/uploads\/img\/makeup2.jpg\" alt=\"\" \/><\/div>\n<\/div>\n<h5 style=\"text-align: center;\">Maquillage Jour<\/h5>\n<h5 style=\"text-align: center;\">Maquillage Soir\u00e9e<\/h5>\n<h5 style=\"text-align: center;\">Maquillage Mariage<\/h5>\n<h5 style=\"text-align: center;\">Cours de maquillage (1h)<\/h5>\n<div align=\"center\"><img class=\"aligncenter\" src=\"wp-content\/uploads\/img\/makeup3.jpg\" alt=\"\" \/><\/div>\n","protected":false},"excerpt":{"rendered":"<p>Un rendez-vous important, une soir\u00e9e, une sortie\u2026 Offrez-vous un maquillage qui vous correspondra et qui sera en harmonie avec vos go\u00fbts, votre tenue et votre caract\u00e8re. Maquillage Jour Maquillage Soir\u00e9e Maquillage Mariage Cours de maquillage (1h)<\/p>\n","protected":false},"author":2,"featured_media":0,"parent":75,"menu_order":0,"comment_status":"closed","ping_status":"open","template":"","meta":[],"_links":{"self":[{"href":"https:\/\/www.acorpsparfait.lu\/index.php?rest_route=\/wp\/v2\/pages\/91"}],"collection":[{"href":"https:\/\/www.acorpsparfait.lu\/index.php?rest_route=\/wp\/v2\/pages"}],"about":[{"href":"https:\/\/www.acorpsparfait.lu\/index.php?rest_route=\/wp\/v2\/types\/page"}],"author":[{"embeddable":true,"href":"https:\/\/www.acorpsparfait.lu\/index.php?rest_route=\/wp\/v2\/users\/2"}],"replies":[{"embeddable":true,"href":"https:\/\/www.acorpsparfait.lu\/index.php?rest_route=%2Fwp%2Fv2%2Fcomments&post=91"}],"version-history":[{"count":13,"href":"https:\/\/www.acorpsparfait.lu\/index.php?rest_route=\/wp\/v2\/pages\/91\/revisions"}],"predecessor-version":[{"id":256,"href":"https:\/\/www.acorpsparfait.lu\/index.php?rest_route=\/wp\/v2\/pages\/91\/revisions\/256"}],"up":[{"embeddable":true,"href":"https:\/\/www.acorpsparfait.lu\/index.php?rest_route=\/wp\/v2\/pages\/75"}],"wp:attachment":[{"href":"https:\/\/www.acorpsparfait.lu\/index.php?rest_route=%2Fwp%2Fv2%2Fmedia&parent=91"}],"curies":[{"name":"wp","href":"https:\/\/api.w.org\/{rel}","templated":true}]}}