{"id":4996,"date":"2014-07-28T13:15:34","date_gmt":"2014-07-28T13:15:34","guid":{"rendered":"http:\/\/wedesignthemes.com\/themes\/dt-spalab\/?page_id=7"},"modified":"2018-03-06T20:11:34","modified_gmt":"2018-03-06T19:11:34","slug":"home-page-2","status":"publish","type":"page","link":"https:\/\/www.acorpsparfait.lu\/","title":{"rendered":"Home"},"content":{"rendered":"<div class='fullwidth-section  '  style=\"background-repeat:no-repeat;background-position:left top;padding-top:15px;padding-bottom:30px;\">  <div class=\"fullwidth-bg\">\t<div class=\"container\"><div class='border-title '>\n\t\t\t\t  <h2>Bienvenue dans votre institut A Corps Parfait<\/h2>\n\t\t\t\t  <div class='ico-border'> <i class='ico-bg flower'><\/i> <\/div>\n\t\t\t\t  <span class='tag-line'>Attention Nouvelle Adresse \u00e0 partir du 16 mars, 10 rue Victor Hugo \u00e0 Esch sur Alzette !<\/span>\n\t\t\t\t<\/div>\n<div  class='column dt-sc-one-fourth  first'><div class='dt-sc-ico-content  type6'><a href='http:\/\/www.acorpsparfait.lu\/?page_id=75' target='_parent'><div class='icon'> <span class='ico-pic'> <img src='http:\/\/www.acorpsparfait.lu\/images\/ico-pic1.jpg' alt='' title=''> <\/span> <\/div><\/a><h3><a href='http:\/\/www.acorpsparfait.lu\/?page_id=75' target='_parent'> Soins &amp; Modelage <\/a><\/h3><\/div><\/div>\n<div  class='column dt-sc-one-fourth  '><div class='dt-sc-ico-content  type6'><a href='http:\/\/www.acorpsparfait.lu\/?page_id=84 ' target='_parent'><div class='icon'> <span class='ico-pic'> <img src='http:\/\/www.acorpsparfait.lu\/images\/ico-pic2.jpg' alt='' title=''> <\/span> <\/div><\/a><h3><a href='http:\/\/www.acorpsparfait.lu\/?page_id=84 ' target='_parent'> Epilations <\/a><\/h3><\/div><\/div>\n<div  class='column dt-sc-one-fourth  '><div class='dt-sc-ico-content  type6'><a href='http:\/\/www.acorpsparfait.lu\/?page_id=80' target='_parent'><div class='icon'> <span class='ico-pic'> <img src='http:\/\/www.acorpsparfait.lu\/images\/ico-pic3.jpg' alt='' title=''> <\/span> <\/div><\/a><h3><a href='http:\/\/www.acorpsparfait.lu\/?page_id=80' target='_parent'> Atelier de l Ongle <\/a><\/h3><\/div><\/div>\n<div  class='column dt-sc-one-fourth  '><div class='dt-sc-ico-content  type6'><a href='http:\/\/www.acorpsparfait.lu\/?page_id=353' target='_parent'><div class='icon'> <span class='ico-pic'> <img src='http:\/\/www.acorpsparfait.lu\/images\/ico-pic4.jpg' alt='' title=''> <\/span> <\/div><\/a><h3><a href='http:\/\/www.acorpsparfait.lu\/?page_id=353' target='_parent'> ProShape Max <\/a><\/h3><\/div><\/div>\t<\/div>  <\/div><\/div>\n<div class='dt-sc-hr-invisible  '><\/div>\n<div class=\"dt-sc-clear\"><\/div>\n<div class='fullwidth-section skin-bg dark-bg gradient-bg '  style=\"background-repeat:no-repeat;background-position:left top;padding-top:90px;padding-bottom:54px;\">  <div class=\"fullwidth-bg\">\t<div class=\"container\"><div class='border-title '>\n\t\t\t\t  <h2>Id\u00e9es Cadeaux bien-\u00eatre<\/h2>\n\t\t\t\t  <div class='ico-border'> <i class='ico-bg flower'><\/i> <\/div>\n\t\t\t\t  <span class='tag-line'>Venez choisir parmi nos multiples prestations ou produits de soin beaut\u00e9.<\/span>\n\t\t\t\t<\/div>\t<\/div>  <\/div><\/div>\n<div class='dt-sc-hr-invisible-small  '><\/div>\n<div class=\"dt-sc-clear\"><\/div>\n<div class='fullwidth-section  '  style=\"background-repeat:no-repeat;background-position:left top;padding-bottom:120px;\">  <div class=\"fullwidth-bg\">\t<div class=\"container\"><h2 class='dark-title hr-title'><span>Exclusivit\u00e9: EVOlution Laser<\/span><\/h2>\n<div  class='column dt-sc-one-third  first'><p><div class=\"procedures-wrapper\"><img src=\"http:\/\/www.acorpsparfait.lu\/wp-content\/uploads\/2018\/03\/evomachineacp.png\" alt=\"\" title=\"\"><div class=\"procedures-detail\"><h3>LASER DE DERNI\u00c8RE G\u00c9N\u00c9RATION<\/h3><ul class=\"dt-sc-fancy-list caret-right\"><li>POUR L\u2019\u00c9PILATION DE L\u2019HOMME ET DE LA FEMME ET PHOTO-RAJEUNISSEMENT CUTAN\u00c9.<\/li><\/ul> <div class=\"hr-invisible-very-small \"> <\/div> <div class=\"clear\"> <\/div><h3><\/h3><div class=\"aligncenter\"><a href='' target='_blank'  class='dt-sc-button gradient large  ' ><\/a><\/div><\/div><\/div><\/div>\n<div  class='column dt-sc-two-third  '><div  class='column dt-sc-two-third  first'>AVANTAGES\n\u2022 Traite tous les ph\u00e9notypes et toutes les peaux pigment\u00e9es \u2022 Confort absolu, traitement indolore m\u00eame dans les zones d\u00e9licates, comme visage, maillot et aisselles \u2022 Le traitement pr\u00e9sente des r\u00e9sultats extraordinaires \u2022 Rapidit\u00e9 d\u2019action pour des s\u00e9ances plus br\u00e8ves (le dos d\u2019un homme est fait en quelques minutes)<div class='dt-sc-hr-invisible-small  '><\/div><div class=\"dt-sc-clear\"><\/div>\n<h5 class='dark-title'><span>Avantages de l'EVOlution Laser du Groupe BALDAN<\/span><\/h5>\n<div class=\"hr-invisible-very-small\"><\/div>\n<div class=\"clear\"><\/div>\n<div class='dt-sc-ico-content  type3'><div class='icon'> <span class='fa fa-leaf'> <\/span> <\/div><h5><a href='#' target=''> Epilation <\/a><\/h5>ENL\u00c8VEZ LES POILS IND\u00c9SIRABLES, AVEC EVOLASER DES R\u00c9SULTATS EFFICACES EN TOUTE S\u00c9CURIT\u00c9!<\/div>\n<div class='dt-sc-ico-content  type3'><div class='icon'> <span class='fa fa-leaf'> <\/span> <\/div><h5><a href='#' target=''> Photor\u00e9juvenation <\/a><\/h5>UNE NOUVELLE LUMI\u00c8RE \u00c9CLAIRE VOTRE VISAGE!<\/div>\n<p><iframe loading=\"lazy\" width=\"560\" height=\"315\" src=\"https:\/\/www.youtube.com\/embed\/jYKw5nOO0YQ?rel=0\" frameborder=\"0\" allow=\"autoplay; encrypted-media\" allowfullscreen><\/iframe><\/div>\n<div  class='column dt-sc-one-third  '><div class='dt-sc-hr-invisible-small  '><\/div>\n<div class=\"dt-sc-clear\"><\/div><\/div><\/div>\t<\/div>  <\/div><\/div>\n<div class='fullwidth-section skin-bg dark-bg gradient-bg '  style=\"background-repeat:no-repeat;background-position:left top;padding-top:90px;padding-bottom:54px;\">  <div class=\"fullwidth-bg\">\t<div class=\"container\"><div class='border-title '>\n\t\t\t\t  <h2>Nous vous proposons :<\/h2>\n\t\t\t\t  <div class='ico-border'> <i class='ico-bg flower'><\/i> <\/div>\n\t\t\t\t  <span class='tag-line'>Domaines o\u00f9 nous sommes experts:<\/span>\n\t\t\t\t<\/div> <div  class='column dt-sc-one-third  first'><h3 class='floral-head alignright'><span>Votre Institut - un moment d'exception pour vous<\/span><\/h3>\n<div class='dt-sc-hr-invisible-small  '><\/div>\n<div class=\"dt-sc-clear\"><\/div>\n<p>A Esch-sur-Alzette, \u00a0l\u2032 institut de beaut\u00e9 A Corps Parfait vous accueillera <strong>\u00e0 partir du 16 mars 2017 au\u00a010, rue Victor Hugo , voisinant la librairie DIDERICH<\/strong><em>. Venez profiter des nombreuses prestations, soins visage, soins du corps, soins des mains, soins des pieds, massages, \u00e9pilations, maquillage, onglerie, pressoth\u00e9rapie,\u00a0rehaussement\u00a0de cils, extensions de cils et bien d&rsquo;autres.<\/p>\n<p>A tr\u00e8s bient\u00f4t\u2026<\/p><\/div>\n<div  class='column dt-sc-one-third  '><a href=\"http:\/\/www.acorpsparfait.lu\/wp-content\/uploads\/2014\/07\/spa-box.png\"><img loading=\"lazy\" class=\"aligncenter size-medium wp-image-5856\" src=\"http:\/\/www.acorpsparfait.lu\/wp-content\/uploads\/2014\/07\/spa-box-300x161.png\" alt=\"spa-box\" width=\"300\" height=\"161\" srcset=\"https:\/\/www.acorpsparfait.lu\/wp-content\/uploads\/2014\/07\/spa-box-300x161.png 300w, https:\/\/www.acorpsparfait.lu\/wp-content\/uploads\/2014\/07\/spa-box.png 355w\" sizes=\"(max-width: 300px) 100vw, 300px\" \/><\/a><\/p>\n<div class=\"hr-invisible-very-small\"><\/div>\n<div class=\"clear\"><\/div>\n<p><span class=\"aligncenter\">\n<\/span><\/div>\n<div  class='column dt-sc-one-third  '><ul class='dt-sc-fancy-list type2'>\n<li><i class=\"fa fa-leaf\"><\/i> Estime &amp; Sens : marque fran\u00e7aise de cosm\u00e9tiques certifi\u00e9s biologiques vendue exclusivement en spas et instituts de beaut\u00e9.<\/li>\n<li><i class=\"fa fa-heart\"><\/i>\u00a0Nouveaut\u00e9, Extension de cils !<\/li>\n<li><i class=\"fa fa-shield\"><\/i>\u00a0Proshape Max\u00a0r\u00e9volutionne l\u2019amincissement et le\u00a0rajeunissement cutan\u00e9 gr\u00e2ce \u00e0 la combinaison unique\u00a0de 4 puissantes technologies<\/li>\n<li><i class=\"fa fa-gift\"><\/i>\u00a0Bons Cadeaux et Offres sp\u00e9ciales tout au long de l&rsquo;ann\u00e9e<\/li>\n<li><i class=\"fa fa-user-md\"><\/i>\u00a0A Corps Parfait: des professionnelles \u00e0 votre disposition.<\/li>\n<\/ul><\/div>\t<\/div>  <\/div><\/div>\n<div class='dt-sc-hr-invisible  '><\/div>\n<div class=\"dt-sc-clear\"><\/div>\n<p>&nbsp;<\/p>\n<p>&nbsp;<\/p>\n<p>&nbsp;<\/p>\n<p>&nbsp;<\/p>\n","protected":false},"excerpt":{"rendered":"<p>&nbsp; &nbsp; &nbsp; &nbsp;<\/p>\n","protected":false},"author":2,"featured_media":0,"parent":0,"menu_order":0,"comment_status":"open","ping_status":"open","template":"tpl-fullwidth.php","meta":[],"_links":{"self":[{"href":"https:\/\/www.acorpsparfait.lu\/index.php?rest_route=\/wp\/v2\/pages\/4996"}],"collection":[{"href":"https:\/\/www.acorpsparfait.lu\/index.php?rest_route=\/wp\/v2\/pages"}],"about":[{"href":"https:\/\/www.acorpsparfait.lu\/index.php?rest_route=\/wp\/v2\/types\/page"}],"author":[{"embeddable":true,"href":"https:\/\/www.acorpsparfait.lu\/index.php?rest_route=\/wp\/v2\/users\/2"}],"replies":[{"embeddable":true,"href":"https:\/\/www.acorpsparfait.lu\/index.php?rest_route=%2Fwp%2Fv2%2Fcomments&post=4996"}],"version-history":[{"count":56,"href":"https:\/\/www.acorpsparfait.lu\/index.php?rest_route=\/wp\/v2\/pages\/4996\/revisions"}],"predecessor-version":[{"id":6062,"href":"https:\/\/www.acorpsparfait.lu\/index.php?rest_route=\/wp\/v2\/pages\/4996\/revisions\/6062"}],"wp:attachment":[{"href":"https:\/\/www.acorpsparfait.lu\/index.php?rest_route=%2Fwp%2Fv2%2Fmedia&parent=4996"}],"curies":[{"name":"wp","href":"https:\/\/api.w.org\/{rel}","templated":true}]}}