{"id":353,"date":"2014-01-08T09:29:59","date_gmt":"2014-01-08T09:29:59","guid":{"rendered":"http:\/\/www.acorpsparfait.lu\/?page_id=353"},"modified":"2016-11-11T12:01:21","modified_gmt":"2016-11-11T11:01:21","slug":"proshape-max","status":"publish","type":"page","link":"https:\/\/www.acorpsparfait.lu\/?page_id=353","title":{"rendered":"ProShape MAX"},"content":{"rendered":"<div align=\"center\"><img class=\"aligncenter\" alt=\"\" src=\"wp-content\/uploads\/2014\/01\/Logo-Proshape-MAX_resize.jpg\" \/><\/div>\n<p style=\"text-align: center;\"><strong><em><span style=\"color: #666699;\">Innovation Technologie Minceur &amp; Anti-\u00e2ge<\/span><\/em><\/strong><\/p>\n<div class=\"centercolumn\">\n<div id=\"page-content-full\">\n<h3>UNE SYNERGIE UNIQUE<\/h3>\n<p>ProShape MAX r\u00e9volutionne l&rsquo;amincissement et le\u00a0rajeunissement cutan\u00e9 gr\u00e2ce \u00e0 la combinaison unique\u00a0de 4 puissantes technologies :<\/p>\n<div align=\"center\"><\/div>\n<div class=\"one_third\">\n<img class=\"preloader\" alt=\"\" src=\"wp-content\/uploads\/2014\/01\/cellulite.jpg\" \/><\/p>\n<\/div>\n<div class=\"one_third\">\n<img class=\"preloader\" alt=\"\" src=\"wp-content\/uploads\/2014\/01\/visage.jpg\" \/>\n<\/div>\n<div class=\"one_third last\">\n<img class=\"preloader\" alt=\"\" src=\"wp-content\/uploads\/2014\/01\/ventre.jpg\" \/>\n<\/div>\n<h5>Radiofr\u00e9quence multipolaire<\/h5>\n<p>Son action minceur : la chaleur \u00e9mise par ce courant,p\u00e9n\u00e8tre jusqu&rsquo;\u00e0 25 mm sous la peau, active l&rsquo;oxyg\u00e9nation\u00a0des cellules, stimule le m\u00e9tabolisme pour d\u00e9sengorger\u00a0et r\u00e9duire les graisses stock\u00e9es dans les adipocytes\u00a0(cellules graisseuses).<br \/>\nSon action anti-\u00e2ge : active la production de nouveau\u00a0collag\u00e8ne et retend les fibres de collag\u00e8ne et d&rsquo;\u00e9lastine\u00a0existantes afin d&rsquo;am\u00e9liorer la tonicit\u00e9. des tissus et<br \/>\nr\u00e9cup\u00e9rer la fermet\u00e9 de la peau.<\/p>\n<h5>Chromoth\u00e9rapie<\/h5>\n<p>Son action : La chromoth\u00e9rapie sur un spectre rouge\u00a0permet d&rsquo;activer le syst\u00e8me sanguin. En accentuant\u00a0les flux les lipides et toxines sont ainsi plus facilement\u00a0et rapidement \u00e9vacu\u00e9s. Mais aussi de stimuler les\u00a0adipocytes<\/p>\n<h5>Dermo-d\u00e9pression ou Aspiration<\/h5>\n<p>Son action: la pression exerc\u00e9e par l&rsquo;aspiration, permet\u00a0\u00e0 la RF et la Chromoth\u00e9rapie de mieux cibler le tissu\u00a0adipeux. De plus, elle favorise la circulation et lance le\u00a0drainage lymphatique pour \u00e9vacuer naturellement les\u00a0toxines et les lipides.<\/p>\n<h5>Cavitation par ultrason<\/h5>\n<p>Son action : permet de casser les tissus adipeux\u00a0indur\u00e9s, fibreux. Cela permet des traitements plus\u00a0rapides, profonds, et agr\u00e9ables. De plus la cavitation \u00e0\u00a0des effets m\u00e9canique de pression et de d\u00e9compression\u00a0sur les adipocytes ayant pour cons\u00e9quence un effet de\u00a0lipolyse.<\/p>\n<h3>CORPS<\/h3>\n<h5>REMODELAGE DE LA SILHOUETTE<\/h5>\n<h5>REDUCTION DE LA CELLULITE<\/h5>\n<div align=\"center\"><img class=\"aligncenter\" alt=\"\" src=\"wp-content\/uploads\/2014\/01\/effetpeau01.jpg\" \/><\/div>\n<p>L&rsquo;accroissement des adipocytes (cellules graisseuses) entra\u00eene\u00a0une masse graisseuse cons\u00e9quente et inesth\u00e9tique.<br \/>\n\u2192\u00a0effet peau d&rsquo;orange.<\/p>\n<div align=\"center\"><img class=\"aligncenter\" alt=\"\" src=\"wp-content\/uploads\/2014\/01\/effetpeau02.jpg\" \/><\/div>\n<p>ProShape MAX influe sur le m\u00e9tabolisme des graisses par\u00a0l&rsquo;action simultan\u00e9e de la RF, la Chromoth\u00e9rapie et de l&rsquo;aspiration.<\/p>\n<div align=\"center\"><img class=\"aligncenter\" alt=\"\" src=\"wp-content\/uploads\/2014\/01\/effetpeau03.jpg\" \/><\/div>\n<p>La r\u00e9duction de la taille des adipocytes qui en r\u00e9sulte permet\u00a0d&rsquo;obtenir une perte de centim\u00e8tres visible et l&rsquo;augmentation\u00a0des fibres de collag\u00e8ne et d&rsquo;\u00e9lastine, apporte \u00e0 la peau un effet\u00a0tenseur et \u00e9limine l&rsquo;effet peau d&rsquo;orange.<\/p>\n<h3>VISAGE<\/h3>\n<h5>RAFFERMISSEMENT DE L&rsquo;OVALE<\/h5>\n<h5>R\u00c9DUCTION DES RIDES ET RIDULES<\/h5>\n<div class=\"one_half\" style=\"text-align: justify;\">Gr\u00e2ce \u00e0 son applicateur sp\u00e9cifique Visage, ProShape\u00a0MAX utilise la Radiofr\u00e9quence bipolaire pour p\u00e9n\u00e9trer\u00a0rapidement la peau et provoquer un r\u00e9chauffement\u00a0et un stimulus au niveau du derme. Renforc\u00e9 par la\u00a0Dermo-d\u00e9pression, l&rsquo;effet tenseur et les \u00e9changes intracellulaires au niveau du derme augmentent.<\/div>\n<div class=\"one_half\" style=\"text-align: justify;\"><\/div>\n<div class=\"one_half\" style=\"text-align: justify;\"><\/div>\n<div align=\"center\"><img class=\"aligncenter\" alt=\"\" src=\"wp-content\/uploads\/2014\/01\/RF.jpg\" \/><\/div>\n<h3>DES R\u00c9SULTATS SIGNIFICATIFS RAPIDES\u00a0ET DURABLES<\/h3>\n<div class=\"one_half\" style=\"text-align: justify;\">La cure ProShape MAX comprend, en moyenne, 8 \u00e0\u00a010 s\u00e9ances, \u00e0 raison de 2 s\u00e9ances par semaine.<br \/>\n<strong><em><span style=\"color: #ff0000;\">La r\u00e9gularit\u00e9 des s\u00e9ances ainsi qu&rsquo;une alimentation\u00a0\u00e9quilibr\u00e9e vous permettront d&rsquo;obtenir des r\u00e9sultats\u00a0spectaculaires !<\/span><\/em><\/strong><br \/>\n\u221a\u00a0Diminution visible des capitons et de la cellulite<br \/>\n\u221a\u00a0Perte de centim\u00e8tres des zones trait\u00e9es<br \/>\n\u221a\u00a0Affinement significatif de la silhouette<br \/>\n\u221a\u00a0Am\u00e9lioration de la texture de la peau\u00a0d\u00e8s les 1\u00e8res s\u00e9ances<br \/>\n\u221a\u00a0Activation de la microcirculation<br \/>\n\u221a\u00a0R\u00e9duction de l&rsquo;apparence des\u00a0vergetures<br \/>\n\u221a\u00a0Lissage post liposuccion<br \/>\n\u221a\u00a0Raffermissement de la peau<br \/>\n\u221a\u00a0R\u00e9duction des rides et ridules<\/div>\n<div class=\"one_half\" style=\"text-align: justify;\"><\/div>\n<div class=\"one_half\" style=\"text-align: justify;\"><\/div>\n<div align=\"center\"><img class=\"aligncenter\" alt=\"\" src=\"wp-content\/uploads\/2014\/01\/avantapres.jpg\" \/><\/div>\n<p><em>Les hommes obtiennent d&rsquo;excellents\u00a0r\u00e9sultats sur toutes les r\u00e9gions du corps\u00a0notamment au niveau de l&rsquo;abdomen et des &lsquo;poign\u00e9es d&rsquo;amour&rsquo;.<\/em><\/p>\n<\/div>\n<\/div>\n<\/div>\n<\/div>\n","protected":false},"excerpt":{"rendered":"<p>Innovation Technologie Minceur &amp; Anti-\u00e2ge UNE SYNERGIE UNIQUE ProShape MAX r\u00e9volutionne l&rsquo;amincissement et le\u00a0rajeunissement cutan\u00e9 gr\u00e2ce \u00e0 la combinaison unique\u00a0de 4 puissantes technologies : Radiofr\u00e9quence multipolaire Son action minceur : la chaleur \u00e9mise par ce courant,p\u00e9n\u00e8tre jusqu&rsquo;\u00e0 25 mm sous la peau, active l&rsquo;oxyg\u00e9nation\u00a0des cellules, stimule le m\u00e9tabolisme pour d\u00e9sengorger\u00a0et r\u00e9duire les graisses stock\u00e9es dans [&hellip;]<\/p>\n","protected":false},"author":2,"featured_media":0,"parent":0,"menu_order":0,"comment_status":"closed","ping_status":"open","template":"","meta":[],"_links":{"self":[{"href":"https:\/\/www.acorpsparfait.lu\/index.php?rest_route=\/wp\/v2\/pages\/353"}],"collection":[{"href":"https:\/\/www.acorpsparfait.lu\/index.php?rest_route=\/wp\/v2\/pages"}],"about":[{"href":"https:\/\/www.acorpsparfait.lu\/index.php?rest_route=\/wp\/v2\/types\/page"}],"author":[{"embeddable":true,"href":"https:\/\/www.acorpsparfait.lu\/index.php?rest_route=\/wp\/v2\/users\/2"}],"replies":[{"embeddable":true,"href":"https:\/\/www.acorpsparfait.lu\/index.php?rest_route=%2Fwp%2Fv2%2Fcomments&post=353"}],"version-history":[{"count":26,"href":"https:\/\/www.acorpsparfait.lu\/index.php?rest_route=\/wp\/v2\/pages\/353\/revisions"}],"predecessor-version":[{"id":355,"href":"https:\/\/www.acorpsparfait.lu\/index.php?rest_route=\/wp\/v2\/pages\/353\/revisions\/355"}],"wp:attachment":[{"href":"https:\/\/www.acorpsparfait.lu\/index.php?rest_route=%2Fwp%2Fv2%2Fmedia&parent=353"}],"curies":[{"name":"wp","href":"https:\/\/api.w.org\/{rel}","templated":true}]}}