{"id":2130,"date":"2014-05-26T04:28:49","date_gmt":"2014-05-26T04:28:49","guid":{"rendered":"http:\/\/wedesignthemes.com\/themes\/spalab\/?page_id=2130"},"modified":"2018-03-06T19:11:03","modified_gmt":"2018-03-06T18:11:03","slug":"spa-rest","status":"publish","type":"page","link":"https:\/\/acorpsparfait.lu\/spa-rest\/","title":{"rendered":"EVOlution LASER"},"content":{"rendered":"<p style=\"text-align: center;\"><strong><em>LASER DERNI\u00c8RE G\u00c9N\u00c9RATION, POUR L&rsquo;\u00c9PILATION HOMME ET FEMME, ET POUR LA PHOTOR\u00c9JUV\u00c9NATION CUTAN\u00c9E<\/span><\/em><\/strong><\/p>\n<img loading=\"lazy\" decoding=\"async\" src=\"\/wp-content\/uploads\/2018\/03\/Logo_Evolution-Laser-300x101.png\" alt=\"\" width=\"300\" height=\"101\" class=\"aligncenter size-medium wp-image-5995\" srcset=\"https:\/\/acorpsparfait.lu\/wp-content\/uploads\/2018\/03\/Logo_Evolution-Laser-300x101.png 300w, https:\/\/acorpsparfait.lu\/wp-content\/uploads\/2018\/03\/Logo_Evolution-Laser-768x258.png 768w, https:\/\/acorpsparfait.lu\/wp-content\/uploads\/2018\/03\/Logo_Evolution-Laser-1024x344.png 1024w, https:\/\/acorpsparfait.lu\/wp-content\/uploads\/2018\/03\/Logo_Evolution-Laser-500x168.png 500w, https:\/\/acorpsparfait.lu\/wp-content\/uploads\/2018\/03\/Logo_Evolution-Laser.png 1236w\" sizes=\"auto, (max-width: 300px) 100vw, 300px\" \/>\n<h3>UNE NOUVELLE LUMI\u00c8RE \u00c9CLAIRE VOTRE VISAGE!<\/h3>\n<p>Avec le passage des ann\u00e9es et l&rsquo;exposition aux agents environnementaux (principalement le soleil), la peau perd de son \u00e9lasticit\u00e9, elle s&rsquo;amincit et parfois, en plus de former des rides, sa couleur change et des taches et des dyschromies apparaissent et alt\u00e8rent le teint.<br \/>\nCes alt\u00e9rations constituent le photovieillissement (photoaging), ph\u00e9nom\u00e8ne qui touche surtout les peaux claires et d\u00e9licates.<\/p>\n<p>EvoLaser, gr\u00e2ce au syst\u00e8me STM, permet d&rsquo;obtenir de tr\u00e8s bons r\u00e9sultats \u00e9galement pour les traitements de Photor\u00e9juv\u00e9nation cutan\u00e9e sur le visage, le cou, le d\u00e9collet\u00e9 et les mains, en stimulant de fa\u00e7on importante la production de nouveau collag\u00e8ne.<\/p>\n<p>La photor\u00e9juv\u00e9nation d&rsquo;Evolaser permet d&rsquo;obtenir une am\u00e9lioration visible de la fra\u00eecheur et de la tonicit\u00e9 cutan\u00e9es. Pour maximiser les r\u00e9sultats, nous recommandons d&rsquo;utiliser les produits cosm\u00e9tiques antitaches BM White.<\/p>\n<p><img loading=\"lazy\" decoding=\"async\" src=\"\/wp-content\/uploads\/2018\/03\/ACP-Evolaser.png\" alt=\"\" width=\"800\" height=\"464\" class=\"aligncenter size-full wp-image-6001\" srcset=\"https:\/\/acorpsparfait.lu\/wp-content\/uploads\/2018\/03\/ACP-Evolaser.png 800w, https:\/\/acorpsparfait.lu\/wp-content\/uploads\/2018\/03\/ACP-Evolaser-300x174.png 300w, https:\/\/acorpsparfait.lu\/wp-content\/uploads\/2018\/03\/ACP-Evolaser-768x445.png 768w, https:\/\/acorpsparfait.lu\/wp-content\/uploads\/2018\/03\/ACP-Evolaser-500x290.png 500w\" sizes=\"auto, (max-width: 800px) 100vw, 800px\" \/><br \/>\n<div class='dt-sc-hr-invisible  '><\/div>\n<div class=\"dt-sc-clear\"><\/div>\n<h3>Avantages:<\/h3>\n<ul class='dt-sc-fancy-list  raspberry  rounded-tick'>\n<li>Traite tous les phototypes et toutes les peaux pigment\u00e9es<\/li>\n<li>Confort absolu, traitement indolore m\u00eame sur les zones d\u00e9licates comme le visage, l&rsquo;aine et les aisselles<\/li>\n<li>Efficacit\u00e9 de traitement, r\u00e9sultats extraordinaires<\/li>\n<li>Rapidit\u00e9 d&rsquo;action pour des s\u00e9ances plus br\u00e8ves (quelques minutes suffisent pour traiter un dos d&rsquo;homme)<\/li>\n<\/ul>\n<h3>ENL\u00c8VEZ LES POILS IND\u00c9SIRABLES, AVEC EVOLASER DES R\u00c9SULTATS EFFICACES EN TOUTE S\u00c9CURIT\u00c9 !<\/h3>\n<p>La technologie EVOLASER<br \/>\nChaque personne pr\u00e9sente des caract\u00e9ristiques de pilosit\u00e9 et de peau uniques, c&rsquo;est pourquoi il est fondamental d&rsquo;ex\u00e9cuter une anamn\u00e8se attentive, qui permet \u00e0 l&rsquo;op\u00e9ratrice laser de d\u00e9velopper des protocoles d&rsquo;utilisation personnalis\u00e9s pour chaque personne.<\/p>\n<p>Evolaser est une diode laser de derni\u00e8re g\u00e9n\u00e9ration, qui offre la possibilit\u00e9 d&rsquo;agir \u00e0 diff\u00e9rentes longueurs d&rsquo;onde, optimisant les traitements aussi bien pour les phototypes mats que pour les clients avec des peaux claires et fines, gr\u00e2ce \u00e0 une recherche tr\u00e8s approfondie, pr\u00e9servant la peau contre tout \u00e9ventuel effet secondaire.<\/p>\n<p>Le syst\u00e8me de refroidissement, int\u00e9gr\u00e9 \u00e0 la diode, rend ainsi le traitement agr\u00e9able et s\u00fbr aussi bien sur les zones les plus \u00e9tendues, comme le dos ou les jambes, que sur les zones plus r\u00e9duites et d\u00e9licates comme le visage, les aisselles et l&rsquo;aine.<\/p>\n<p>Le traitement est indolore et la dur\u00e9e d\u00e9pend de l&rsquo;ampleur de la surface \u00e0 traiter.<\/p>\n<div align=\"center\">\n<iframe loading=\"lazy\" width=\"560\" height=\"315\" src=\"https:\/\/www.youtube.com\/embed\/jYKw5nOO0YQ\" frameborder=\"0\" allow=\"autoplay; encrypted-media\" allowfullscreen><\/iframe>\n<\/div>\n","protected":false},"excerpt":{"rendered":"<p>LASER DERNI\u00c8RE G\u00c9N\u00c9RATION, POUR L&rsquo;\u00c9PILATION HOMME ET FEMME, ET POUR LA PHOTOR\u00c9JUV\u00c9NATION CUTAN\u00c9E UNE NOUVELLE LUMI\u00c8RE \u00c9CLAIRE VOTRE VISAGE! Avec le passage des ann\u00e9es et l&rsquo;exposition aux agents environnementaux (principalement le soleil), la peau perd de son \u00e9lasticit\u00e9, elle s&rsquo;amincit et parfois, en plus de former des rides, sa couleur change et des taches et [&hellip;]<\/p>\n","protected":false},"author":2,"featured_media":0,"parent":0,"menu_order":0,"comment_status":"open","ping_status":"closed","template":"","meta":{"footnotes":""},"class_list":["post-2130","page","type-page","status-publish","hentry"],"_links":{"self":[{"href":"https:\/\/acorpsparfait.lu\/wp-json\/wp\/v2\/pages\/2130","targetHints":{"allow":["GET"]}}],"collection":[{"href":"https:\/\/acorpsparfait.lu\/wp-json\/wp\/v2\/pages"}],"about":[{"href":"https:\/\/acorpsparfait.lu\/wp-json\/wp\/v2\/types\/page"}],"author":[{"embeddable":true,"href":"https:\/\/acorpsparfait.lu\/wp-json\/wp\/v2\/users\/2"}],"replies":[{"embeddable":true,"href":"https:\/\/acorpsparfait.lu\/wp-json\/wp\/v2\/comments?post=2130"}],"version-history":[{"count":17,"href":"https:\/\/acorpsparfait.lu\/wp-json\/wp\/v2\/pages\/2130\/revisions"}],"predecessor-version":[{"id":6046,"href":"https:\/\/acorpsparfait.lu\/wp-json\/wp\/v2\/pages\/2130\/revisions\/6046"}],"wp:attachment":[{"href":"https:\/\/acorpsparfait.lu\/wp-json\/wp\/v2\/media?parent=2130"}],"curies":[{"name":"wp","href":"https:\/\/api.w.org\/{rel}","templated":true}]}}