{"id":2,"date":"2012-01-13T16:07:11","date_gmt":"2012-01-13T16:07:11","guid":{"rendered":"http:\/\/www.acorpsparfait.lu\/?page_id=2"},"modified":"2017-03-02T16:10:53","modified_gmt":"2017-03-02T15:10:53","slug":"presentation","status":"publish","type":"page","link":"https:\/\/www.acorpsparfait.lu\/?page_id=2","title":{"rendered":"Pr&eacute;sentation"},"content":{"rendered":"<p>A Esch-sur-Alzette, \u00a0l\u2032 institut de beaut\u00e9 A Corps Parfait vous accueillera \u00e0 Partir du 16 Mars 2017 au:<\/p>\n<blockquote>\n<p style=\"text-align: left;\"><span style=\"color: #000000;\">10 rue Victor Hugo, proche de la librairie Diderich \u00e0 5 minutes \u00e0 pied de l&rsquo;ancienne adresse 22 rue du Commerce, voir plan ci-dessous.<\/span><\/p>\n<\/blockquote>\n<p>liste des prestations :<\/p>\n<blockquote>\n<p style=\"text-align: center;\"><span><span style=\"color: #000000;\">Soins visage, soins du corps, soins des mains, soins des pieds, massages, \u00e9pilations, maquillage, onglerie, pressoth\u00e9rapie,\u00a0rehaussement\u00a0de cils.<\/span><\/span><\/p>\n<\/blockquote>\n<p>A tr\u00e8s bient\u00f4t&#8230;<\/p>\n<div align=\"center\">\n<div id=\"attachment_5923\" style=\"width: 1460px\" class=\"wp-caption aligncenter\"><img aria-describedby=\"caption-attachment-5923\" loading=\"lazy\" src=\"http:\/\/www.acorpsparfait.lu\/wp-content\/uploads\/2012\/01\/acp-demenage.jpg\" alt=\"\" width=\"1450\" height=\"980\" class=\"size-full wp-image-5923\" srcset=\"https:\/\/www.acorpsparfait.lu\/wp-content\/uploads\/2012\/01\/acp-demenage.jpg 1450w, https:\/\/www.acorpsparfait.lu\/wp-content\/uploads\/2012\/01\/acp-demenage-300x203.jpg 300w, https:\/\/www.acorpsparfait.lu\/wp-content\/uploads\/2012\/01\/acp-demenage-768x519.jpg 768w, https:\/\/www.acorpsparfait.lu\/wp-content\/uploads\/2012\/01\/acp-demenage-1024x692.jpg 1024w, https:\/\/www.acorpsparfait.lu\/wp-content\/uploads\/2012\/01\/acp-demenage-444x300.jpg 444w\" sizes=\"(max-width: 1450px) 100vw, 1450px\" \/><p id=\"caption-attachment-5923\" class=\"wp-caption-text\">10, rue Victor Hugo<\/p><\/div>\n<\/div>\n","protected":false},"excerpt":{"rendered":"<p>A Esch-sur-Alzette, \u00a0l\u2032 institut de beaut\u00e9 A Corps Parfait vous accueillera \u00e0 Partir du 16 Mars 2017 au: 10 rue Victor Hugo, proche de la librairie Diderich \u00e0 5 minutes \u00e0 pied de l&rsquo;ancienne adresse 22 rue du Commerce, voir plan ci-dessous. liste des prestations : Soins visage, soins du corps, soins des mains, soins [&hellip;]<\/p>\n","protected":false},"author":2,"featured_media":0,"parent":0,"menu_order":0,"comment_status":"closed","ping_status":"closed","template":"","meta":[],"_links":{"self":[{"href":"https:\/\/www.acorpsparfait.lu\/index.php?rest_route=\/wp\/v2\/pages\/2"}],"collection":[{"href":"https:\/\/www.acorpsparfait.lu\/index.php?rest_route=\/wp\/v2\/pages"}],"about":[{"href":"https:\/\/www.acorpsparfait.lu\/index.php?rest_route=\/wp\/v2\/types\/page"}],"author":[{"embeddable":true,"href":"https:\/\/www.acorpsparfait.lu\/index.php?rest_route=\/wp\/v2\/users\/2"}],"replies":[{"embeddable":true,"href":"https:\/\/www.acorpsparfait.lu\/index.php?rest_route=%2Fwp%2Fv2%2Fcomments&post=2"}],"version-history":[{"count":29,"href":"https:\/\/www.acorpsparfait.lu\/index.php?rest_route=\/wp\/v2\/pages\/2\/revisions"}],"predecessor-version":[{"id":14,"href":"https:\/\/www.acorpsparfait.lu\/index.php?rest_route=\/wp\/v2\/pages\/2\/revisions\/14"}],"wp:attachment":[{"href":"https:\/\/www.acorpsparfait.lu\/index.php?rest_route=%2Fwp%2Fv2%2Fmedia&parent=2"}],"curies":[{"name":"wp","href":"https:\/\/api.w.org\/{rel}","templated":true}]}}